{"id":2478,"date":"2024-04-30T12:06:30","date_gmt":"2024-04-30T11:06:30","guid":{"rendered":"https:\/\/format.industries\/startseite\/"},"modified":"2024-09-22T18:38:50","modified_gmt":"2024-09-22T17:38:50","slug":"mietstudio-rhein-main","status":"publish","type":"page","link":"https:\/\/format-studios.de\/de\/","title":{"rendered":"Startseite"},"content":{"rendered":"[vc_row type=&#8220;full_width_background&#8220; full_screen_row_position=&#8220;middle&#8220; column_margin=&#8220;default&#8220; column_direction=&#8220;default&#8220; column_direction_tablet=&#8220;default&#8220; column_direction_phone=&#8220;default&#8220; bg_image=&#8220;2898&#8243; bg_position=&#8220;center center&#8220; background_image_loading=&#8220;default&#8220; bg_repeat=&#8220;no-repeat&#8220; full_height=&#8220;yes&#8220; video_bg=&#8220;use_video&#8220; video_mp4=&#8220;https:\/\/format-studios.de\/wp-content\/uploads\/2024\/08\/backgroundvideo.mp4&#8243; background_video_loading=&#8220;default&#8220; scene_position=&#8220;center&#8220; left_padding_desktop=&#8220;2%&#8220; right_padding_desktop=&#8220;2%&#8220; text_color=&#8220;light&#8220; text_align=&#8220;center&#8220; row_border_radius=&#8220;none&#8220; row_border_radius_applies=&#8220;bg&#8220; overflow=&#8220;visible&#8220; color_overlay=&#8220;#000000&#8243; color_overlay_2=&#8220;rgba(0,0,0,0.01)&#8220; overlay_strength=&#8220;0.5&#8243; gradient_direction=&#8220;left_b_to_right_t&#8220; shape_divider_position=&#8220;bottom&#8220; bg_image_animation=&#8220;none&#8220; gradient_type=&#8220;default&#8220; shape_type=&#8220;&#8220;][vc_column column_padding=&#8220;no-extra-padding&#8220; column_padding_tablet=&#8220;inherit&#8220; column_padding_phone=&#8220;inherit&#8220; column_padding_position=&#8220;all&#8220; column_element_direction_desktop=&#8220;default&#8220; column_element_spacing=&#8220;default&#8220; desktop_text_alignment=&#8220;default&#8220; tablet_text_alignment=&#8220;default&#8220; phone_text_alignment=&#8220;default&#8220; background_color_opacity=&#8220;1&#8243; background_hover_color_opacity=&#8220;1&#8243; column_backdrop_filter=&#8220;none&#8220; column_shadow=&#8220;none&#8220; column_border_radius=&#8220;none&#8220; column_link_target=&#8220;_self&#8220; column_position=&#8220;default&#8220; gradient_direction=&#8220;left_to_right&#8220; overlay_strength=&#8220;0.3&#8243; width=&#8220;1\/1&#8243; tablet_width_inherit=&#8220;default&#8220; animation_type=&#8220;default&#8220; enable_animation=&#8220;true&#8220; animation=&#8220;flip-in-vertical&#8220; animation_easing=&#8220;default&#8220; bg_image_animation=&#8220;none&#8220; border_type=&#8220;simple&#8220; column_border_width=&#8220;none&#8220; column_border_style=&#8220;solid&#8220; column_padding_type=&#8220;default&#8220; gradient_type=&#8220;default&#8220;][split_line_heading animation_type=&#8220;line-reveal-by-space&#8220; font_style=&#8220;h1&#8243; line_reveal_by_space_text_effect=&#8220;default&#8220; stagger_animation=&#8220;true&#8220; content_alignment=&#8220;center&#8220; mobile_content_alignment=&#8220;inherit&#8220; link_target=&#8220;_self&#8220; text_content=&#8220;Mietstudio f\u00fcr Film, Foto und Events.&#8220; text_direction=&#8220;default&#8220; font_size=&#8220;75&#8243; font_line_height=&#8220;0.8&#8243; max_width=&#8220;700&#8243;][\/split_line_heading][split_line_heading animation_type=&#8220;line-reveal-by-space&#8220; font_style=&#8220;p&#8220; line_reveal_by_space_text_effect=&#8220;default&#8220; stagger_animation=&#8220;true&#8220; content_alignment=&#8220;center&#8220; mobile_content_alignment=&#8220;inherit&#8220; link_target=&#8220;_self&#8220; text_content=&#8220;Im Rhein-Main-Gebiet&#8220; text_direction=&#8220;default&#8220; font_line_height=&#8220;0.8&#8243; max_width=&#8220;700&#8243;][\/split_line_heading][\/vc_column][\/vc_row][vc_row type=&#8220;full_width_background&#8220; full_screen_row_position=&#8220;middle&#8220; column_margin=&#8220;default&#8220; column_direction=&#8220;default&#8220; column_direction_tablet=&#8220;default&#8220; column_direction_phone=&#8220;default&#8220; bg_color=&#8220;#020202&#8243; scene_position=&#8220;center&#8220; top_padding=&#8220;100&#8243; bottom_padding=&#8220;75&#8243; text_color=&#8220;light&#8220; text_align=&#8220;left&#8220; row_border_radius=&#8220;none&#8220; row_border_radius_applies=&#8220;bg&#8220; overflow=&#8220;visible&#8220; overlay_strength=&#8220;0.3&#8243; gradient_direction=&#8220;left_to_right&#8220; shape_divider_position=&#8220;bottom&#8220; bg_image_animation=&#8220;none&#8220; gradient_type=&#8220;default&#8220; shape_type=&#8220;&#8220;][vc_column column_padding=&#8220;no-extra-padding&#8220; column_padding_tablet=&#8220;inherit&#8220; column_padding_phone=&#8220;inherit&#8220; column_padding_position=&#8220;all&#8220; column_element_direction_desktop=&#8220;default&#8220; column_element_spacing=&#8220;default&#8220; desktop_text_alignment=&#8220;default&#8220; tablet_text_alignment=&#8220;default&#8220; phone_text_alignment=&#8220;default&#8220; background_color_opacity=&#8220;1&#8243; background_hover_color_opacity=&#8220;1&#8243; column_backdrop_filter=&#8220;none&#8220; column_shadow=&#8220;none&#8220; column_border_radius=&#8220;none&#8220; column_link_target=&#8220;_self&#8220; column_position=&#8220;default&#8220; gradient_direction=&#8220;left_to_right&#8220; overlay_strength=&#8220;0.3&#8243; width=&#8220;1\/1&#8243; tablet_width_inherit=&#8220;default&#8220; animation_type=&#8220;default&#8220; bg_image_animation=&#8220;none&#8220; border_type=&#8220;simple&#8220; column_border_width=&#8220;none&#8220; column_border_style=&#8220;solid&#8220;][vc_column_text css=&#8220;&#8220; text_direction=&#8220;default&#8220;]Die FORMAT STUDIOS bieten \u00fcber 370 Quadratmeter f\u00fcr Events, Film- und Foto-Produktionen. In den flexibel einsetzbaren Fl\u00e4chen des <a href=\"https:\/\/format-studios.de\/the-studio\/\">Mietstudios<\/a> lassen sich eure Ideen umsetzen \u2013 egal ob Pr\u00e4sentationen, Produkt- oder Model-Shootings, Werbespots, Social Media oder Live-Produktionen. Dank ebenerdigem Zugang k\u00f6nnen Fahrzeuge problemlos in den 150 Quadratmeter gro\u00dfen Produktionsbereich einfahren, der eine 10&#215;15 Meter gro\u00dfe Hohlkehle und eine 12&#8217;x20&#8242; <a href=\"https:\/\/format-studios.de\/de\/softbox\/\">Softbox<\/a> umfasst, optimal f\u00fcr automotive Produktionen. <strong>Lass uns \u00fcber dein n\u00e4chstes Projekt sprechen!<br \/>\n<\/strong> [\/vc_column_text][\/vc_column][\/vc_row]\n","protected":false},"excerpt":{"rendered":"<p>[vc_row type=&#8220;full_width_background&#8220; full_screen_row_position=&#8220;middle&#8220; column_margin=&#8220;default&#8220; column_direction=&#8220;default&#8220; column_direction_tablet=&#8220;default&#8220; column_direction_phone=&#8220;default&#8220; bg_image=&#8220;2898&#8243; bg_position=&#8220;center center&#8220; background_image_loading=&#8220;default&#8220; bg_repeat=&#8220;no-repeat&#8220; full_height=&#8220;yes&#8220; video_bg=&#8220;use_video&#8220; video_mp4=&#8220;https:\/\/format-studios.de\/wp-content\/uploads\/2024\/08\/backgroundvideo.mp4&#8243; background_video_loading=&#8220;default&#8220; scene_position=&#8220;center&#8220; left_padding_desktop=&#8220;2%&#8220; right_padding_desktop=&#8220;2%&#8220; text_color=&#8220;light&#8220; text_align=&#8220;center&#8220; row_border_radius=&#8220;none&#8220; row_border_radius_applies=&#8220;bg&#8220; overflow=&#8220;visible&#8220; color_overlay=&#8220;#000000&#8243; color_overlay_2=&#8220;rgba(0,0,0,0.01)&#8220; overlay_strength=&#8220;0.5&#8243; gradient_direction=&#8220;left_b_to_right_t&#8220; shape_divider_position=&#8220;bottom&#8220; bg_image_animation=&#8220;none&#8220;&#8230;<\/p>\n","protected":false},"author":1,"featured_media":2510,"parent":0,"menu_order":0,"comment_status":"closed","ping_status":"closed","template":"","meta":{"footnotes":""},"class_list":["post-2478","page","type-page","status-publish","has-post-thumbnail"],"_links":{"self":[{"href":"https:\/\/format-studios.de\/de\/wp-json\/wp\/v2\/pages\/2478","targetHints":{"allow":["GET"]}}],"collection":[{"href":"https:\/\/format-studios.de\/de\/wp-json\/wp\/v2\/pages"}],"about":[{"href":"https:\/\/format-studios.de\/de\/wp-json\/wp\/v2\/types\/page"}],"author":[{"embeddable":true,"href":"https:\/\/format-studios.de\/de\/wp-json\/wp\/v2\/users\/1"}],"replies":[{"embeddable":true,"href":"https:\/\/format-studios.de\/de\/wp-json\/wp\/v2\/comments?post=2478"}],"version-history":[{"count":4,"href":"https:\/\/format-studios.de\/de\/wp-json\/wp\/v2\/pages\/2478\/revisions"}],"predecessor-version":[{"id":3379,"href":"https:\/\/format-studios.de\/de\/wp-json\/wp\/v2\/pages\/2478\/revisions\/3379"}],"wp:featuredmedia":[{"embeddable":true,"href":"https:\/\/format-studios.de\/de\/wp-json\/wp\/v2\/media\/2510"}],"wp:attachment":[{"href":"https:\/\/format-studios.de\/de\/wp-json\/wp\/v2\/media?parent=2478"}],"curies":[{"name":"wp","href":"https:\/\/api.w.org\/{rel}","templated":true}]}}