{"id":3306,"date":"2024-09-03T16:03:15","date_gmt":"2024-09-03T15:03:15","guid":{"rendered":"https:\/\/new.format-studios.de\/film-und-fotoproduktionen\/"},"modified":"2024-09-15T20:35:52","modified_gmt":"2024-09-15T19:35:52","slug":"film-und-fotoproduktionen","status":"publish","type":"page","link":"https:\/\/format-studios.de\/de\/film-und-fotoproduktionen\/","title":{"rendered":"Film- und Fotoproduktionen"},"content":{"rendered":"[vc_row type=&#8220;full_width_content&#8220; full_screen_row_position=&#8220;middle&#8220; column_margin=&#8220;default&#8220; column_direction=&#8220;default&#8220; column_direction_tablet=&#8220;default&#8220; column_direction_phone=&#8220;default&#8220; bg_color=&#8220;#ffffff&#8220; bg_image=&#8220;626&#8243; bg_position=&#8220;center center&#8220; background_image_loading=&#8220;default&#8220; bg_repeat=&#8220;no-repeat&#8220; scene_position=&#8220;center&#8220; top_padding=&#8220;10%&#8220; bottom_padding=&#8220;5%&#8220; left_padding_desktop=&#8220;2%&#8220; right_padding_desktop=&#8220;2%&#8220; text_color=&#8220;dark&#8220; text_align=&#8220;center&#8220; row_border_radius=&#8220;none&#8220; row_border_radius_applies=&#8220;bg&#8220; overflow=&#8220;visible&#8220; color_overlay_2=&#8220;rgba(0,0,0,0.01)&#8220; overlay_strength=&#8220;0.8&#8243; gradient_direction=&#8220;left_b_to_right_t&#8220; shape_divider_position=&#8220;bottom&#8220; bg_image_animation=&#8220;clip-path&#8220; clip_path_animation_type=&#8220;scroll&#8220; clip_path_animation_applies=&#8220;default&#8220; animation_trigger_offset=&#8220;0.00,50.00&#8243; animation_trigger_origin=&#8220;top&#8220; parallax_bg=&#8220;true&#8220; parallax_bg_speed=&#8220;fixed&#8220; gradient_type=&#8220;default&#8220; shape_type=&#8220;&#8220;][vc_column column_padding=&#8220;no-extra-padding&#8220; column_padding_tablet=&#8220;inherit&#8220; column_padding_phone=&#8220;inherit&#8220; column_padding_position=&#8220;all&#8220; column_element_direction_desktop=&#8220;default&#8220; column_element_spacing=&#8220;default&#8220; desktop_text_alignment=&#8220;default&#8220; tablet_text_alignment=&#8220;default&#8220; phone_text_alignment=&#8220;default&#8220; background_color_opacity=&#8220;1&#8243; background_hover_color_opacity=&#8220;1&#8243; column_backdrop_filter=&#8220;none&#8220; column_shadow=&#8220;none&#8220; column_border_radius=&#8220;none&#8220; column_link_target=&#8220;_self&#8220; column_position=&#8220;default&#8220; gradient_direction=&#8220;left_to_right&#8220; overlay_strength=&#8220;0.3&#8243; width=&#8220;1\/1&#8243; tablet_width_inherit=&#8220;default&#8220; animation_type=&#8220;default&#8220; bg_image_animation=&#8220;none&#8220; border_type=&#8220;simple&#8220; column_border_width=&#8220;none&#8220; column_border_style=&#8220;solid&#8220;][vc_custom_heading text=&#8220;Wir erm\u00f6glichen&#8220; font_container=&#8220;tag:p|text_align:center|color:%23000000|line_height:0.8&#8243; use_theme_fonts=&#8220;yes&#8220; css=&#8220;&#8220;][vc_custom_heading text=&#8220;Film- und Fotoproduktionen&#8220; font_container=&#8220;tag:h1|font_size:150|text_align:center|color:%23000000|line_height:0.8&#8243; use_theme_fonts=&#8220;yes&#8220; css=&#8220;&#8220;][divider line_type=&#8220;No Line&#8220; custom_height=&#8220;25&#8243;][\/vc_column][\/vc_row][vc_row type=&#8220;full_width_content&#8220; full_screen_row_position=&#8220;middle&#8220; column_margin=&#8220;default&#8220; column_direction=&#8220;default&#8220; column_direction_tablet=&#8220;default&#8220; column_direction_phone=&#8220;default&#8220; scene_position=&#8220;center&#8220; bottom_padding=&#8220;5%&#8220; left_padding_desktop=&#8220;2%&#8220; right_padding_desktop=&#8220;2%&#8220; text_color=&#8220;light&#8220; text_align=&#8220;left&#8220; row_border_radius=&#8220;none&#8220; row_border_radius_applies=&#8220;bg&#8220; overflow=&#8220;visible&#8220; overlay_strength=&#8220;0.3&#8243; gradient_direction=&#8220;left_to_right&#8220; shape_divider_position=&#8220;bottom&#8220; bg_image_animation=&#8220;none&#8220; gradient_type=&#8220;default&#8220; shape_type=&#8220;&#8220;][vc_column column_padding=&#8220;no-extra-padding&#8220; column_padding_tablet=&#8220;inherit&#8220; column_padding_phone=&#8220;inherit&#8220; column_padding_position=&#8220;all&#8220; column_element_direction_desktop=&#8220;default&#8220; column_element_spacing=&#8220;default&#8220; desktop_text_alignment=&#8220;default&#8220; tablet_text_alignment=&#8220;default&#8220; phone_text_alignment=&#8220;default&#8220; background_color_opacity=&#8220;1&#8243; background_hover_color_opacity=&#8220;1&#8243; column_backdrop_filter=&#8220;none&#8220; column_shadow=&#8220;none&#8220; column_border_radius=&#8220;none&#8220; column_link_target=&#8220;_self&#8220; column_position=&#8220;default&#8220; gradient_direction=&#8220;left_to_right&#8220; overlay_strength=&#8220;0.3&#8243; width=&#8220;1\/1&#8243; tablet_width_inherit=&#8220;default&#8220; animation_type=&#8220;default&#8220; bg_image_animation=&#8220;none&#8220; border_type=&#8220;simple&#8220; column_border_width=&#8220;none&#8220; column_border_style=&#8220;solid&#8220;][image_with_animation image_url=&#8220;3077&#8243; image_size=&#8220;full&#8220; animation_type=&#8220;entrance&#8220; animation=&#8220;None&#8220; animation_movement_type=&#8220;transform_y&#8220; hover_animation=&#8220;none&#8220; alignment=&#8220;&#8220; border_radius=&#8220;none&#8220; box_shadow=&#8220;none&#8220; image_loading=&#8220;default&#8220; max_width=&#8220;100%&#8220; max_width_mobile=&#8220;default&#8220;][\/vc_column][\/vc_row][vc_row type=&#8220;in_container&#8220; full_screen_row_position=&#8220;middle&#8220; column_margin=&#8220;default&#8220; column_direction=&#8220;default&#8220; column_direction_tablet=&#8220;default&#8220; column_direction_phone=&#8220;default&#8220; scene_position=&#8220;center&#8220; bottom_padding=&#8220;5%&#8220; text_color=&#8220;dark&#8220; text_align=&#8220;left&#8220; row_border_radius=&#8220;none&#8220; row_border_radius_applies=&#8220;bg&#8220; overflow=&#8220;visible&#8220; overlay_strength=&#8220;0.3&#8243; gradient_direction=&#8220;left_to_right&#8220; shape_divider_position=&#8220;bottom&#8220; bg_image_animation=&#8220;none&#8220; gradient_type=&#8220;default&#8220; shape_type=&#8220;&#8220;][vc_column column_padding=&#8220;no-extra-padding&#8220; column_padding_tablet=&#8220;inherit&#8220; column_padding_phone=&#8220;inherit&#8220; column_padding_position=&#8220;all&#8220; column_element_direction_desktop=&#8220;default&#8220; column_element_spacing=&#8220;default&#8220; desktop_text_alignment=&#8220;default&#8220; tablet_text_alignment=&#8220;default&#8220; phone_text_alignment=&#8220;default&#8220; background_color_opacity=&#8220;1&#8243; background_hover_color_opacity=&#8220;1&#8243; column_backdrop_filter=&#8220;none&#8220; column_shadow=&#8220;none&#8220; column_border_radius=&#8220;none&#8220; column_link_target=&#8220;_self&#8220; column_position=&#8220;default&#8220; gradient_direction=&#8220;left_to_right&#8220; overlay_strength=&#8220;0.3&#8243; width=&#8220;1\/1&#8243; tablet_width_inherit=&#8220;default&#8220; animation_type=&#8220;default&#8220; bg_image_animation=&#8220;none&#8220; border_type=&#8220;simple&#8220; column_border_width=&#8220;none&#8220; column_border_style=&#8220;solid&#8220;][vc_custom_heading text=&#8220;Vielseitiger Produktionsraum mit erstklassiger Ausstattung und Mietoptionen f\u00fcr Equipment&#8220; font_container=&#8220;tag:h2|text_align:left|color:%23000000&#8243; use_theme_fonts=&#8220;yes&#8220; css=&#8220;&#8220;][divider line_type=&#8220;No Line&#8220; custom_height=&#8220;50&#8243;][vc_column_text css=&#8220;&#8220; text_direction=&#8220;default&#8220;]Mit unseren Ressourcen und Einrichtungen sind wir auf jede Herausforderung und kreative Idee vorbereitet. Gemeinsam mit dir entwickeln wir die beste Strategie, die perfekt zu dir, deinen Anspr\u00fcchen und deiner Vision passt. Wir sind dein zuverl\u00e4ssiger Partner f\u00fcr erfolgreiche Foto- und Videoproduktionen in der Region Mainz, Bad Kreuznach und R\u00fcsselsheim. Ob Filmproduktion, Musikvideos, Livestreaming oder TV-  Webshows \u2013 bei uns findest du genau das, wonach du suchst. Wir bieten unz\u00e4hlige M\u00f6glichkeiten, um deine Anforderungen zu erf\u00fcllen. Kontaktiere uns, und wir beraten dich pers\u00f6nlich und geben dir einen detaillierten \u00dcberblick \u00fcber unsere Leistungen und Angebote. Egal, was du dir w\u00fcnschst \u2013 unsere Foto- und Videoproduktion verleiht deinen unausgesprochenen kreativen Ideen das <em>FORMAT<\/em>, das dich umhauen wird.      [\/vc_column_text][\/vc_column][\/vc_row][vc_row type=&#8220;in_container&#8220; full_screen_row_position=&#8220;middle&#8220; column_margin=&#8220;default&#8220; column_direction=&#8220;default&#8220; column_direction_tablet=&#8220;default&#8220; column_direction_phone=&#8220;default&#8220; scene_position=&#8220;center&#8220; bottom_padding=&#8220;5%&#8220; text_color=&#8220;dark&#8220; text_align=&#8220;left&#8220; row_border_radius=&#8220;none&#8220; row_border_radius_applies=&#8220;bg&#8220; overflow=&#8220;visible&#8220; overlay_strength=&#8220;0.3&#8243; gradient_direction=&#8220;left_to_right&#8220; shape_divider_position=&#8220;bottom&#8220; bg_image_animation=&#8220;none&#8220; gradient_type=&#8220;default&#8220; shape_type=&#8220;&#8220;][vc_column column_padding=&#8220;no-extra-padding&#8220; column_padding_tablet=&#8220;inherit&#8220; column_padding_phone=&#8220;inherit&#8220; column_padding_position=&#8220;all&#8220; column_element_direction_desktop=&#8220;default&#8220; column_element_spacing=&#8220;default&#8220; desktop_text_alignment=&#8220;default&#8220; tablet_text_alignment=&#8220;default&#8220; phone_text_alignment=&#8220;default&#8220; background_color_opacity=&#8220;1&#8243; background_hover_color_opacity=&#8220;1&#8243; column_backdrop_filter=&#8220;none&#8220; column_shadow=&#8220;none&#8220; column_border_radius=&#8220;none&#8220; column_link_target=&#8220;_self&#8220; column_position=&#8220;default&#8220; gradient_direction=&#8220;left_to_right&#8220; overlay_strength=&#8220;0.3&#8243; width=&#8220;1\/2&#8243; tablet_width_inherit=&#8220;default&#8220; animation_type=&#8220;default&#8220; bg_image_animation=&#8220;none&#8220; border_type=&#8220;simple&#8220; column_border_width=&#8220;none&#8220; column_border_style=&#8220;solid&#8220;][vc_custom_heading text=&#8220;Film- und Fotoproduktionen&#8220; font_container=&#8220;tag:h2|text_align:left|color:%23000000&#8243; use_theme_fonts=&#8220;yes&#8220; css=&#8220;&#8220;][divider line_type=&#8220;No Line&#8220; custom_height=&#8220;50&#8243;][vc_column_text css=&#8220;&#8220; text_direction=&#8220;default&#8220;]\n<ul>\n<li>Fotoproduktion<\/li>\n<li>Videoproduktion<\/li>\n<li>Werbefilmproduktion<\/li>\n<li>Musikvideo<\/li>\n<li>Livestream<\/li>\n<li>TV  Web Shows<\/li>\n<\/ul>\n[\/vc_column_text][\/vc_column][vc_column column_padding=&#8220;no-extra-padding&#8220; column_padding_tablet=&#8220;inherit&#8220; column_padding_phone=&#8220;inherit&#8220; column_padding_position=&#8220;all&#8220; column_element_direction_desktop=&#8220;default&#8220; column_element_spacing=&#8220;default&#8220; desktop_text_alignment=&#8220;default&#8220; tablet_text_alignment=&#8220;default&#8220; phone_text_alignment=&#8220;default&#8220; background_color_opacity=&#8220;1&#8243; background_hover_color_opacity=&#8220;1&#8243; column_backdrop_filter=&#8220;none&#8220; column_shadow=&#8220;none&#8220; column_border_radius=&#8220;none&#8220; column_link_target=&#8220;_self&#8220; column_position=&#8220;default&#8220; gradient_direction=&#8220;left_to_right&#8220; overlay_strength=&#8220;0.3&#8243; width=&#8220;1\/2&#8243; tablet_width_inherit=&#8220;default&#8220; animation_type=&#8220;default&#8220; bg_image_animation=&#8220;none&#8220; border_type=&#8220;simple&#8220; column_border_width=&#8220;none&#8220; column_border_style=&#8220;solid&#8220;][vc_custom_heading text=&#8220;Details&#8220; font_container=&#8220;tag:h2|text_align:left|color:%23000000&#8243; use_theme_fonts=&#8220;yes&#8220; css=&#8220;&#8220;][divider line_type=&#8220;No Line&#8220; custom_height=&#8220;50&#8243;][vc_column_text css=&#8220;&#8220; text_direction=&#8220;default&#8220;]\n<ul>\n<li>10\u00d715 Meter Hohlkehle<\/li>\n<li>Fahrzeugzug\u00e4nglich<\/li>\n<li>Vielseitige Perspektiven<\/li>\n<li>Separate Zimmer f\u00fcr Talent \/ VIP<\/li>\n<li>Equipmentvermietung<\/li>\n<li>Softbox<\/li>\n<\/ul>\n[\/vc_column_text][\/vc_column][\/vc_row]\n","protected":false},"excerpt":{"rendered":"<p>[vc_row type=&#8220;full_width_content&#8220; full_screen_row_position=&#8220;middle&#8220; column_margin=&#8220;default&#8220; column_direction=&#8220;default&#8220; column_direction_tablet=&#8220;default&#8220; column_direction_phone=&#8220;default&#8220; bg_color=&#8220;#ffffff&#8220; bg_image=&#8220;626&#8243; bg_position=&#8220;center center&#8220; background_image_loading=&#8220;default&#8220; bg_repeat=&#8220;no-repeat&#8220; scene_position=&#8220;center&#8220; top_padding=&#8220;10%&#8220; bottom_padding=&#8220;5%&#8220; left_padding_desktop=&#8220;2%&#8220; right_padding_desktop=&#8220;2%&#8220; text_color=&#8220;dark&#8220; text_align=&#8220;center&#8220; row_border_radius=&#8220;none&#8220; row_border_radius_applies=&#8220;bg&#8220; overflow=&#8220;visible&#8220; color_overlay_2=&#8220;rgba(0,0,0,0.01)&#8220; overlay_strength=&#8220;0.8&#8243; gradient_direction=&#8220;left_b_to_right_t&#8220; shape_divider_position=&#8220;bottom&#8220; bg_image_animation=&#8220;clip-path&#8220; clip_path_animation_type=&#8220;scroll&#8220; clip_path_animation_applies=&#8220;default&#8220;&#8230;<\/p>\n","protected":false},"author":2,"featured_media":0,"parent":0,"menu_order":0,"comment_status":"closed","ping_status":"closed","template":"","meta":{"footnotes":""},"class_list":["post-3306","page","type-page","status-publish"],"_links":{"self":[{"href":"https:\/\/format-studios.de\/de\/wp-json\/wp\/v2\/pages\/3306","targetHints":{"allow":["GET"]}}],"collection":[{"href":"https:\/\/format-studios.de\/de\/wp-json\/wp\/v2\/pages"}],"about":[{"href":"https:\/\/format-studios.de\/de\/wp-json\/wp\/v2\/types\/page"}],"author":[{"embeddable":true,"href":"https:\/\/format-studios.de\/de\/wp-json\/wp\/v2\/users\/2"}],"replies":[{"embeddable":true,"href":"https:\/\/format-studios.de\/de\/wp-json\/wp\/v2\/comments?post=3306"}],"version-history":[{"count":1,"href":"https:\/\/format-studios.de\/de\/wp-json\/wp\/v2\/pages\/3306\/revisions"}],"predecessor-version":[{"id":3308,"href":"https:\/\/format-studios.de\/de\/wp-json\/wp\/v2\/pages\/3306\/revisions\/3308"}],"wp:attachment":[{"href":"https:\/\/format-studios.de\/de\/wp-json\/wp\/v2\/media?parent=3306"}],"curies":[{"name":"wp","href":"https:\/\/api.w.org\/{rel}","templated":true}]}}